{"id":7377,"date":"2014-04-22T19:01:37","date_gmt":"2014-04-22T17:01:37","guid":{"rendered":"http:\/\/robheijkooptrading.com\/disclaimer-2\/"},"modified":"2014-06-18T13:33:45","modified_gmt":"2014-06-18T11:33:45","slug":"verzichtleistung","status":"publish","type":"page","link":"https:\/\/www.robheijkooptrading.com\/de\/verzichtleistung\/","title":{"rendered":"Verzichtleistung"},"content":{"rendered":"<p><strong>Urnheberrecht und Gebrauchsbeschr\u00e4nkungen<\/strong><br \/>\nDie von Rob Heijkoop Trading B.V. zur Verf\u00fcgung gestellten Daten und Informationen, wie zum Beispiel Texte, Abbildungen und Fotos, fallen, wenn nicht anders erw\u00e4hnt wird, unter dem Urheberrecht von Rob Heijkoop Trading B.V. und sind als solche urheberrechtlich gesch\u00fctzt. Deshalb darf nichts ohne ausdr\u00fcckliche Zustimmung ge\u00e4ndert, verkauft, angek\u00fcndigt, reproduziert, distribuiert oder sonstwie auf irgendwelche Weise ver\u00f6ffentlicht oder vervielf\u00e4ltigt werden. Herstellung von Kopien ist nur erlaubt nach schriftlicher Zustimmung von Rob Heijkoop Trading B.V. Sie d\u00fcrfen diese Website nicht als Link benutzen, ohne dass dies bei uns bekannt ist. Links werden von Rob Heijkoop Trading B.V. n\u00e4her untersucht und nach Implementierung akzeptiert.<\/p>\n<p><strong>Links zu Sites von Dritten <\/strong><br \/>\nDie Site enth\u00e4lt Hyperlinks zu Sites, die au\u00dferhalb der Dom\u00e4ne liegen. Hierf\u00fcr gelten m\u00f6glicherweise abweichende, auf jenen Seiten angedeutete Bedingungen. Rob Heijkoop Trading B.V. ist nicht verantwortlich f\u00fcr den Inhalt derartiger Seiten, noch f\u00fcr die auf diesen Sites als Download angebotene Software.<\/p>\n<p><strong>Verzichtleistung <\/strong><br \/>\nJede Haftung von Rob Heijkoop Trading B.V. f\u00fcr den Inhalt und die Daten, worunter einbegriffen die Richtigkeit, Vollst\u00e4ndigkeit und Verf\u00fcgbarkeit sowie der Aktualit\u00e4tswert, wird ausgeschlossen.<br \/>\nDer Inhalt und die Daten sind vorbeh\u00e4ltlich zwischenzeitlicher (Preis)\u00c4nderungen, Druck- und\/oder Maschineschriftfehler. Rob Heijkoop Trading B.V. beh\u00e4lt sich das Recht vor, zwischenzeitliche (Preis)\u00c4nderungen durchzuf\u00fchren. Das Anfordern der verf\u00fcgbaren Daten und Links durch den Besucher geschieht auf dessen eigene Verantwortung.<\/p>\n<p><strong>Bedingungen<\/strong><br \/>\nDie allgemeinen Bedingungen von Rob Heijkoop Trading B.V. k\u00f6nnen Sie auf der <a title=\"Downloadseite\" href=\"http:\/\/robheijkooptrading.com\/de\/downloadseite\/\">Downloadsite<\/a> in PDF-Format herunterladen. Um sich diese Datei anzuschauen, brauchen Sie Acrobat Reader.<\/p>\n","protected":false},"excerpt":{"rendered":"<p>Urnheberrecht und Gebrauchsbeschr\u00e4nkungen Die von Rob Heijkoop Trading B.V. zur Verf\u00fcgung gestellten Daten und Informationen, wie zum Beispiel Texte, Abbildungen und Fotos, fallen, wenn nicht anders erw\u00e4hnt wird, unter dem Urheberrecht von Rob Heijkoop Trading B.V. und sind als solche urheberrechtlich gesch\u00fctzt. Deshalb darf nichts ohne ausdr\u00fcckliche Zustimmung ge\u00e4ndert, verkauft, angek\u00fcndigt, reproduziert, distribuiert oder sonstwie&#8230;<\/p>\n","protected":false},"author":4,"featured_media":0,"parent":0,"menu_order":0,"comment_status":"closed","ping_status":"open","template":"","meta":{"footnotes":""},"class_list":["post-7377","page","type-page","status-publish","hentry"],"yoast_head":"<!-- This site is optimized with the Yoast SEO plugin v27.3 - https:\/\/yoast.com\/product\/yoast-seo-wordpress\/ -->\n<title>Verzichtleistung - Rob Heijkoop Trading<\/title>\n<meta name=\"robots\" content=\"index, follow, max-snippet:-1, max-image-preview:large, max-video-preview:-1\" \/>\n<link rel=\"canonical\" href=\"https:\/\/www.robheijkooptrading.com\/de\/verzichtleistung\/\" \/>\n<meta property=\"og:locale\" content=\"de_DE\" \/>\n<meta property=\"og:type\" content=\"article\" \/>\n<meta property=\"og:title\" content=\"Verzichtleistung - Rob Heijkoop Trading\" \/>\n<meta property=\"og:description\" content=\"Urnheberrecht und Gebrauchsbeschr\u00e4nkungen Die von Rob Heijkoop Trading B.V. zur Verf\u00fcgung gestellten Daten und Informationen, wie zum Beispiel Texte, Abbildungen und Fotos, fallen, wenn nicht anders erw\u00e4hnt wird, unter dem Urheberrecht von Rob Heijkoop Trading B.V. und sind als solche urheberrechtlich gesch\u00fctzt. Deshalb darf nichts ohne ausdr\u00fcckliche Zustimmung ge\u00e4ndert, verkauft, angek\u00fcndigt, reproduziert, distribuiert oder sonstwie...\" \/>\n<meta property=\"og:url\" content=\"https:\/\/www.robheijkooptrading.com\/de\/verzichtleistung\/\" \/>\n<meta property=\"og:site_name\" content=\"Rob Heijkoop Trading\" \/>\n<meta property=\"article:modified_time\" content=\"2014-06-18T11:33:45+00:00\" \/>\n<meta name=\"twitter:label1\" content=\"Gesch\u00e4tzte Lesezeit\" \/>\n\t<meta name=\"twitter:data1\" content=\"1\u00a0Minute\" \/>\n<script type=\"application\/ld+json\" class=\"yoast-schema-graph\">{\"@context\":\"https:\\\/\\\/schema.org\",\"@graph\":[{\"@type\":\"WebPage\",\"@id\":\"https:\\\/\\\/www.robheijkooptrading.com\\\/de\\\/verzichtleistung\\\/\",\"url\":\"https:\\\/\\\/www.robheijkooptrading.com\\\/de\\\/verzichtleistung\\\/\",\"name\":\"Verzichtleistung - Rob Heijkoop Trading\",\"isPartOf\":{\"@id\":\"https:\\\/\\\/www.robheijkooptrading.com\\\/#website\"},\"datePublished\":\"2014-04-22T17:01:37+00:00\",\"dateModified\":\"2014-06-18T11:33:45+00:00\",\"breadcrumb\":{\"@id\":\"https:\\\/\\\/www.robheijkooptrading.com\\\/de\\\/verzichtleistung\\\/#breadcrumb\"},\"inLanguage\":\"de\",\"potentialAction\":[{\"@type\":\"ReadAction\",\"target\":[\"https:\\\/\\\/www.robheijkooptrading.com\\\/de\\\/verzichtleistung\\\/\"]}]},{\"@type\":\"BreadcrumbList\",\"@id\":\"https:\\\/\\\/www.robheijkooptrading.com\\\/de\\\/verzichtleistung\\\/#breadcrumb\",\"itemListElement\":[{\"@type\":\"ListItem\",\"position\":1,\"name\":\"Home\",\"item\":\"https:\\\/\\\/www.robheijkooptrading.com\\\/de\\\/\"},{\"@type\":\"ListItem\",\"position\":2,\"name\":\"Verzichtleistung\"}]},{\"@type\":\"WebSite\",\"@id\":\"https:\\\/\\\/www.robheijkooptrading.com\\\/#website\",\"url\":\"https:\\\/\\\/www.robheijkooptrading.com\\\/\",\"name\":\"Rob Heijkoop Trading\",\"description\":\"Engine spare parts\",\"publisher\":{\"@id\":\"https:\\\/\\\/www.robheijkooptrading.com\\\/#organization\"},\"potentialAction\":[{\"@type\":\"SearchAction\",\"target\":{\"@type\":\"EntryPoint\",\"urlTemplate\":\"https:\\\/\\\/www.robheijkooptrading.com\\\/?s={search_term_string}\"},\"query-input\":{\"@type\":\"PropertyValueSpecification\",\"valueRequired\":true,\"valueName\":\"search_term_string\"}}],\"inLanguage\":\"de\"},{\"@type\":\"Organization\",\"@id\":\"https:\\\/\\\/www.robheijkooptrading.com\\\/#organization\",\"name\":\"Rob Heijkoop Trading B.V.\",\"url\":\"https:\\\/\\\/www.robheijkooptrading.com\\\/\",\"logo\":{\"@type\":\"ImageObject\",\"inLanguage\":\"de\",\"@id\":\"https:\\\/\\\/www.robheijkooptrading.com\\\/#\\\/schema\\\/logo\\\/image\\\/\",\"url\":\"https:\\\/\\\/www.robheijkooptrading.com\\\/wordpress\\\/wp-content\\\/uploads\\\/2014\\\/06\\\/watermark.png\",\"contentUrl\":\"https:\\\/\\\/www.robheijkooptrading.com\\\/wordpress\\\/wp-content\\\/uploads\\\/2014\\\/06\\\/watermark.png\",\"width\":234,\"height\":201,\"caption\":\"Rob Heijkoop Trading B.V.\"},\"image\":{\"@id\":\"https:\\\/\\\/www.robheijkooptrading.com\\\/#\\\/schema\\\/logo\\\/image\\\/\"}}]}<\/script>\n<!-- \/ Yoast SEO plugin. -->","yoast_head_json":{"title":"Verzichtleistung - Rob Heijkoop Trading","robots":{"index":"index","follow":"follow","max-snippet":"max-snippet:-1","max-image-preview":"max-image-preview:large","max-video-preview":"max-video-preview:-1"},"canonical":"https:\/\/www.robheijkooptrading.com\/de\/verzichtleistung\/","og_locale":"de_DE","og_type":"article","og_title":"Verzichtleistung - Rob Heijkoop Trading","og_description":"Urnheberrecht und Gebrauchsbeschr\u00e4nkungen Die von Rob Heijkoop Trading B.V. zur Verf\u00fcgung gestellten Daten und Informationen, wie zum Beispiel Texte, Abbildungen und Fotos, fallen, wenn nicht anders erw\u00e4hnt wird, unter dem Urheberrecht von Rob Heijkoop Trading B.V. und sind als solche urheberrechtlich gesch\u00fctzt. Deshalb darf nichts ohne ausdr\u00fcckliche Zustimmung ge\u00e4ndert, verkauft, angek\u00fcndigt, reproduziert, distribuiert oder sonstwie...","og_url":"https:\/\/www.robheijkooptrading.com\/de\/verzichtleistung\/","og_site_name":"Rob Heijkoop Trading","article_modified_time":"2014-06-18T11:33:45+00:00","twitter_misc":{"Gesch\u00e4tzte Lesezeit":"1\u00a0Minute"},"schema":{"@context":"https:\/\/schema.org","@graph":[{"@type":"WebPage","@id":"https:\/\/www.robheijkooptrading.com\/de\/verzichtleistung\/","url":"https:\/\/www.robheijkooptrading.com\/de\/verzichtleistung\/","name":"Verzichtleistung - Rob Heijkoop Trading","isPartOf":{"@id":"https:\/\/www.robheijkooptrading.com\/#website"},"datePublished":"2014-04-22T17:01:37+00:00","dateModified":"2014-06-18T11:33:45+00:00","breadcrumb":{"@id":"https:\/\/www.robheijkooptrading.com\/de\/verzichtleistung\/#breadcrumb"},"inLanguage":"de","potentialAction":[{"@type":"ReadAction","target":["https:\/\/www.robheijkooptrading.com\/de\/verzichtleistung\/"]}]},{"@type":"BreadcrumbList","@id":"https:\/\/www.robheijkooptrading.com\/de\/verzichtleistung\/#breadcrumb","itemListElement":[{"@type":"ListItem","position":1,"name":"Home","item":"https:\/\/www.robheijkooptrading.com\/de\/"},{"@type":"ListItem","position":2,"name":"Verzichtleistung"}]},{"@type":"WebSite","@id":"https:\/\/www.robheijkooptrading.com\/#website","url":"https:\/\/www.robheijkooptrading.com\/","name":"Rob Heijkoop Trading","description":"Engine spare parts","publisher":{"@id":"https:\/\/www.robheijkooptrading.com\/#organization"},"potentialAction":[{"@type":"SearchAction","target":{"@type":"EntryPoint","urlTemplate":"https:\/\/www.robheijkooptrading.com\/?s={search_term_string}"},"query-input":{"@type":"PropertyValueSpecification","valueRequired":true,"valueName":"search_term_string"}}],"inLanguage":"de"},{"@type":"Organization","@id":"https:\/\/www.robheijkooptrading.com\/#organization","name":"Rob Heijkoop Trading B.V.","url":"https:\/\/www.robheijkooptrading.com\/","logo":{"@type":"ImageObject","inLanguage":"de","@id":"https:\/\/www.robheijkooptrading.com\/#\/schema\/logo\/image\/","url":"https:\/\/www.robheijkooptrading.com\/wordpress\/wp-content\/uploads\/2014\/06\/watermark.png","contentUrl":"https:\/\/www.robheijkooptrading.com\/wordpress\/wp-content\/uploads\/2014\/06\/watermark.png","width":234,"height":201,"caption":"Rob Heijkoop Trading B.V."},"image":{"@id":"https:\/\/www.robheijkooptrading.com\/#\/schema\/logo\/image\/"}}]}},"_links":{"self":[{"href":"https:\/\/www.robheijkooptrading.com\/de\/wp-json\/wp\/v2\/pages\/7377","targetHints":{"allow":["GET"]}}],"collection":[{"href":"https:\/\/www.robheijkooptrading.com\/de\/wp-json\/wp\/v2\/pages"}],"about":[{"href":"https:\/\/www.robheijkooptrading.com\/de\/wp-json\/wp\/v2\/types\/page"}],"author":[{"embeddable":true,"href":"https:\/\/www.robheijkooptrading.com\/de\/wp-json\/wp\/v2\/users\/4"}],"replies":[{"embeddable":true,"href":"https:\/\/www.robheijkooptrading.com\/de\/wp-json\/wp\/v2\/comments?post=7377"}],"version-history":[{"count":2,"href":"https:\/\/www.robheijkooptrading.com\/de\/wp-json\/wp\/v2\/pages\/7377\/revisions"}],"predecessor-version":[{"id":7388,"href":"https:\/\/www.robheijkooptrading.com\/de\/wp-json\/wp\/v2\/pages\/7377\/revisions\/7388"}],"wp:attachment":[{"href":"https:\/\/www.robheijkooptrading.com\/de\/wp-json\/wp\/v2\/media?parent=7377"}],"curies":[{"name":"wp","href":"https:\/\/api.w.org\/{rel}","templated":true}]}}