{"id":8513,"date":"2018-11-05T10:19:23","date_gmt":"2018-11-05T08:19:23","guid":{"rendered":"https:\/\/www.robheijkooptrading.com\/?page_id=8513"},"modified":"2020-04-30T18:29:21","modified_gmt":"2020-04-30T16:29:21","slug":"privacy-policy","status":"publish","type":"page","link":"https:\/\/www.robheijkooptrading.com\/de\/privacy-policy\/","title":{"rendered":"Privacy Policy"},"content":{"rendered":"<p><span style=\"font-size: 18pt;\"><strong>Allgemeine Datenschutzverordnung (DSGVO)<\/strong><\/span><\/p>\n<p>Die Allgemeine Datenschutzverordnung (im Folgenden als DSGVO bezeichnet) ist eine europ\u00e4ische Verordnung und ersetzt das Gesetz zum Schutz personenbezogener Daten vom 25. Mai 2018. Die Europ\u00e4ische Union hat ein Datenschutzgesetz mit der DSGVO.Alle Unternehmen und Organisationen, die personenbezogene Daten von Kunden, Mitarbeitern oder anderen Personen erfassen, m\u00fcssen strengeres europ\u00e4isches Recht einhalten. Neben Namen und Adressen unterliegen auch Daten, die mit IP-Adressen, Cookies und dergleichen verkn\u00fcpft sind, dem Gesetz. Wenn Sie nicht wissen, wer hinter den Daten steht, sollten die Daten als datenschutzrelevant behandelt werden. Die DSGVO zwingt Unternehmer, mehr Ma\u00dfnahmen zu ergreifen. Unternehmer m\u00fcssen nachweisen k\u00f6nnen, dass sie das DSGVO-Gesetz einhalten.<\/p>\n<p>Wer sind wir<\/p>\n<p>Rob Heijkoop Trading B.V.<\/p>\n<p>Heliotroopring 300<\/p>\n<p>3316 KG Dordrecht<\/p>\n<p>Tel.: 078-6185522<\/p>\n<p>E-Mail: info@robheijkooptrading.com<\/p>\n<p>Nummer der Handelskammer: 23074739<\/p>\n<p>Wir verarbeiten folgende personenbezogene Daten, die wir von Ihnen erhalten:<\/p>\n<p style=\"padding-left: 40px;\">* Ihre Name<\/p>\n<p style=\"padding-left: 40px;\">* Ihre Kontaktdaten (Adresse, Telefonnummer, E-Mail-Adresse)<\/p>\n<p style=\"padding-left: 40px;\">* Weitere Informationen erhalten wir von Ihnen per E-Mail, Telefon oder Visitenkarte<\/p>\n<p>(Wenn dennoch spezielle personenbezogene Daten gesendet werden, werden wir diese Daten nicht weiter verarbeiten und l\u00f6schen. Sofern gesetzlich nicht anders vorgeschrieben)<\/p>\n<p><span style=\"font-size: 18pt;\"><strong>Cookies<\/strong><\/span><\/p>\n<p>Ein Cookie ist eine kleine Datei mit Zahlen und Buchstaben, die unser Webserver an die Cookie-Datei des Browsers auf der Festplatte Ihres Computers sendet. Die Cookies dienen dazu, unser Angebot effektiv, sicher und benutzerfreundlich zu machen.<\/p>\n<p>Rob Heijkoop Trading B.V. (RHT) verwendet zwei Arten von Cookies:<\/p>\n<p style=\"padding-left: 40px;\"><strong><span style=\"font-size: 14pt;\">Wichtige Cookies<\/span><\/strong><\/p>\n<p style=\"padding-left: 40px;\">Mit wichtigen Cookies k\u00f6nnen unsere Benutzer auf der Website navigieren und deren Funktionen nutzen. Diese Cookies stellen sicher, dass die Funktionen der Webseiten und anderer Funktionen korrekt ausgef\u00fchrt werden. Ohne diese Cookies k\u00f6nnen beispielsweise keine Antragsformulare unter den Lagerartikeln platziert werden. Diese Antragsformulare k\u00f6nnen mit Name und E-Mail-Adresse eingegeben werden, damit RHT Ihre Frage beantworten oder ein entsprechendes Angebot machen kann.<\/p>\n<p style=\"padding-left: 40px;\"><span style=\"font-size: 14pt;\"><strong>Pr\u00e4sentations-Cookies<\/strong><\/span><\/p>\n<p style=\"padding-left: 40px;\">Pr\u00e4sentationscookies sammeln alle Informationen dar\u00fcber, wie unsere Benutzer die Website nutzen. Diese Cookies k\u00f6nnen zur Verbesserung unserer Website beitragen. Statistiken \u00fcber die Nutzung unserer Website werden erstellt. RHT untersucht, worauf es unseren Kunden ankommt, um die richtigen Informationen, Funktionen und Dienstleistungen anbieten zu k\u00f6nnen.<\/p>\n<p>Sie k\u00f6nnen Ihre Zustimmung zur Speicherung von Cookies jederzeit widerrufen, indem Sie auf die Schaltfl\u00e4che \u201eCookies widerrufen\u201c klicken. In diesem Fall werden die Cookies von Ihrem Computer oder Mobilger\u00e4t gel\u00f6scht.<\/p>\n<p>Die Daten, die Sie uns zur Verf\u00fcgung stellen, werden ohne vorherige Ank\u00fcndigung gespeichert. Diese Informationen werden von Ihnen selbst \u00fcber die Website, E-Mail, Telefon oder Visitenkarte bereitgestellt. Wir sammeln Ihre Daten in unserem Exact-System. Diese Daten werden f\u00fcr den Zweck unseres Kundenstamms, die Analyse von Verkaufsdaten und die Pr\u00fcfung verwendet. Wir weisen darauf hin, dass wir Ihre personenbezogenen Daten erfassen und korrekt verwenden. Die Daten werden gem\u00e4\u00df der DSGVO erhoben.<\/p>\n<p><span style=\"font-size: 18pt;\"><strong>Zweck<\/strong><\/span><\/p>\n<p>Ziel der Datenerfassung ist es, ein passendes Angebot f\u00fcr Sie zu machen und letztendlich die Ware an Sie liefern zu k\u00f6nnen.Ein weiterer Zweck der Datenerfassung besteht darin, dass wir legal nachweisen k\u00f6nnen m\u00fcssen, mit wem wir Gesch\u00e4fte machen. Wir ben\u00f6tigen auch bestimmte Informationen f\u00fcr Bestellungen und Rechnungen, um alles ordnungsgem\u00e4\u00df administrativ und in \u00dcbereinstimmung mit der Gesetzgebung zu handhaben.<\/p>\n<p><span style=\"font-size: 18pt;\"><strong>Rechte<\/strong><\/span><\/p>\n<p>Sie haben das Recht, Ihre Daten anzuzeigen und zu korrigieren. Sie k\u00f6nnen auch der Verarbeitung Ihrer personenbezogenen Daten oder bestimmter personenbezogener Daten widersprechen.Nat\u00fcrlich k\u00f6nnen Sie Ihre Einwilligung auch (f\u00fcr die Zukunft) jederzeit widerrufen, indem Sie uns eine Nachricht per Post oder E-Mail senden. Sie k\u00f6nnen dies unter der folgenden Adresse tun:<\/p>\n<p>Rob Heijkoop Trading B.V.<\/p>\n<p>Heliotroopring 300<\/p>\n<p>3316 KG Dordrecht<\/p>\n<p>E-Mail: info@robheijkooptrading.com<\/p>\n<p>Sie k\u00f6nnen uns bez\u00fcglich der Aus\u00fcbung der oben genannten Rechte oder Fragen kontaktieren. Sie haben auch das Recht, eine Beschwerde bei der niederl\u00e4ndischen Datenschutzbeh\u00f6rde einzureichen. Die niederl\u00e4ndische Datenschutzbeh\u00f6rde ist f\u00fcr die Verarbeitung personenbezogener Daten zust\u00e4ndig.<\/p>\n<p>Wir k\u00f6nnen keine Anfragen und Bestellungen ohne Ihre Erlaubnis zur Speicherung Ihrer Daten annehmen. Alle Anfragen und Bestellungen m\u00fcssen per Telefon oder E-Mail erfolgen.<\/p>\n<p>W\u00e4hrend der Anfragephase werden die personenbezogenen Daten noch nicht an Dritte weitergegeben. Die personenbezogenen Daten k\u00f6nnen beispielsweise nur mit einer Bestellung an einen Spediteur weitergegeben werden. Der Spediteur ben\u00f6tigt die pers\u00f6nlichen Daten, um die Bestellung an den richtigen Bestimmungsort zu senden.<\/p>\n<p>Trotz verschiedener Schutzma\u00dfnahmen ist es nicht unm\u00f6glich, in Systeme einzudringen. In diesem Fall werden Sie umgehend informiert und wir geben an, welche Informationen Sie erhalten<\/p>\n","protected":false},"excerpt":{"rendered":"<p>Allgemeine Datenschutzverordnung (DSGVO) Die Allgemeine Datenschutzverordnung (im Folgenden als DSGVO bezeichnet) ist eine europ\u00e4ische Verordnung und ersetzt das Gesetz zum Schutz personenbezogener Daten vom 25. Mai 2018. Die Europ\u00e4ische Union hat ein Datenschutzgesetz mit der DSGVO.Alle Unternehmen und Organisationen, die personenbezogene Daten von Kunden, Mitarbeitern oder anderen Personen erfassen, m\u00fcssen strengeres europ\u00e4isches Recht einhalten. Neben&#8230;<\/p>\n","protected":false},"author":2,"featured_media":0,"parent":0,"menu_order":0,"comment_status":"closed","ping_status":"closed","template":"","meta":{"footnotes":""},"class_list":["post-8513","page","type-page","status-publish","hentry"],"yoast_head":"<!-- This site is optimized with the Yoast SEO plugin v27.3 - https:\/\/yoast.com\/product\/yoast-seo-wordpress\/ -->\n<title>Privacy Policy - Rob Heijkoop Trading<\/title>\n<meta name=\"robots\" content=\"index, follow, max-snippet:-1, max-image-preview:large, max-video-preview:-1\" \/>\n<link rel=\"canonical\" href=\"https:\/\/www.robheijkooptrading.com\/de\/privacy-policy\/\" \/>\n<meta property=\"og:locale\" content=\"de_DE\" \/>\n<meta property=\"og:type\" content=\"article\" \/>\n<meta property=\"og:title\" content=\"Privacy Policy - Rob Heijkoop Trading\" \/>\n<meta property=\"og:description\" content=\"Allgemeine Datenschutzverordnung (DSGVO) Die Allgemeine Datenschutzverordnung (im Folgenden als DSGVO bezeichnet) ist eine europ\u00e4ische Verordnung und ersetzt das Gesetz zum Schutz personenbezogener Daten vom 25. Mai 2018. Die Europ\u00e4ische Union hat ein Datenschutzgesetz mit der DSGVO.Alle Unternehmen und Organisationen, die personenbezogene Daten von Kunden, Mitarbeitern oder anderen Personen erfassen, m\u00fcssen strengeres europ\u00e4isches Recht einhalten. Neben...\" \/>\n<meta property=\"og:url\" content=\"https:\/\/www.robheijkooptrading.com\/de\/privacy-policy\/\" \/>\n<meta property=\"og:site_name\" content=\"Rob Heijkoop Trading\" \/>\n<meta property=\"article:modified_time\" content=\"2020-04-30T16:29:21+00:00\" \/>\n<meta name=\"twitter:label1\" content=\"Gesch\u00e4tzte Lesezeit\" \/>\n\t<meta name=\"twitter:data1\" content=\"4\u00a0Minuten\" \/>\n<script type=\"application\/ld+json\" class=\"yoast-schema-graph\">{\"@context\":\"https:\\\/\\\/schema.org\",\"@graph\":[{\"@type\":\"WebPage\",\"@id\":\"https:\\\/\\\/www.robheijkooptrading.com\\\/de\\\/privacy-policy\\\/\",\"url\":\"https:\\\/\\\/www.robheijkooptrading.com\\\/de\\\/privacy-policy\\\/\",\"name\":\"Privacy Policy - Rob Heijkoop Trading\",\"isPartOf\":{\"@id\":\"https:\\\/\\\/www.robheijkooptrading.com\\\/#website\"},\"datePublished\":\"2018-11-05T08:19:23+00:00\",\"dateModified\":\"2020-04-30T16:29:21+00:00\",\"breadcrumb\":{\"@id\":\"https:\\\/\\\/www.robheijkooptrading.com\\\/de\\\/privacy-policy\\\/#breadcrumb\"},\"inLanguage\":\"de\",\"potentialAction\":[{\"@type\":\"ReadAction\",\"target\":[\"https:\\\/\\\/www.robheijkooptrading.com\\\/de\\\/privacy-policy\\\/\"]}]},{\"@type\":\"BreadcrumbList\",\"@id\":\"https:\\\/\\\/www.robheijkooptrading.com\\\/de\\\/privacy-policy\\\/#breadcrumb\",\"itemListElement\":[{\"@type\":\"ListItem\",\"position\":1,\"name\":\"Home\",\"item\":\"https:\\\/\\\/www.robheijkooptrading.com\\\/de\\\/\"},{\"@type\":\"ListItem\",\"position\":2,\"name\":\"Privacy Policy\"}]},{\"@type\":\"WebSite\",\"@id\":\"https:\\\/\\\/www.robheijkooptrading.com\\\/#website\",\"url\":\"https:\\\/\\\/www.robheijkooptrading.com\\\/\",\"name\":\"Rob Heijkoop Trading\",\"description\":\"Engine spare parts\",\"publisher\":{\"@id\":\"https:\\\/\\\/www.robheijkooptrading.com\\\/#organization\"},\"potentialAction\":[{\"@type\":\"SearchAction\",\"target\":{\"@type\":\"EntryPoint\",\"urlTemplate\":\"https:\\\/\\\/www.robheijkooptrading.com\\\/?s={search_term_string}\"},\"query-input\":{\"@type\":\"PropertyValueSpecification\",\"valueRequired\":true,\"valueName\":\"search_term_string\"}}],\"inLanguage\":\"de\"},{\"@type\":\"Organization\",\"@id\":\"https:\\\/\\\/www.robheijkooptrading.com\\\/#organization\",\"name\":\"Rob Heijkoop Trading B.V.\",\"url\":\"https:\\\/\\\/www.robheijkooptrading.com\\\/\",\"logo\":{\"@type\":\"ImageObject\",\"inLanguage\":\"de\",\"@id\":\"https:\\\/\\\/www.robheijkooptrading.com\\\/#\\\/schema\\\/logo\\\/image\\\/\",\"url\":\"https:\\\/\\\/www.robheijkooptrading.com\\\/wordpress\\\/wp-content\\\/uploads\\\/2014\\\/06\\\/watermark.png\",\"contentUrl\":\"https:\\\/\\\/www.robheijkooptrading.com\\\/wordpress\\\/wp-content\\\/uploads\\\/2014\\\/06\\\/watermark.png\",\"width\":234,\"height\":201,\"caption\":\"Rob Heijkoop Trading B.V.\"},\"image\":{\"@id\":\"https:\\\/\\\/www.robheijkooptrading.com\\\/#\\\/schema\\\/logo\\\/image\\\/\"}}]}<\/script>\n<!-- \/ Yoast SEO plugin. -->","yoast_head_json":{"title":"Privacy Policy - Rob Heijkoop Trading","robots":{"index":"index","follow":"follow","max-snippet":"max-snippet:-1","max-image-preview":"max-image-preview:large","max-video-preview":"max-video-preview:-1"},"canonical":"https:\/\/www.robheijkooptrading.com\/de\/privacy-policy\/","og_locale":"de_DE","og_type":"article","og_title":"Privacy Policy - Rob Heijkoop Trading","og_description":"Allgemeine Datenschutzverordnung (DSGVO) Die Allgemeine Datenschutzverordnung (im Folgenden als DSGVO bezeichnet) ist eine europ\u00e4ische Verordnung und ersetzt das Gesetz zum Schutz personenbezogener Daten vom 25. Mai 2018. Die Europ\u00e4ische Union hat ein Datenschutzgesetz mit der DSGVO.Alle Unternehmen und Organisationen, die personenbezogene Daten von Kunden, Mitarbeitern oder anderen Personen erfassen, m\u00fcssen strengeres europ\u00e4isches Recht einhalten. Neben...","og_url":"https:\/\/www.robheijkooptrading.com\/de\/privacy-policy\/","og_site_name":"Rob Heijkoop Trading","article_modified_time":"2020-04-30T16:29:21+00:00","twitter_misc":{"Gesch\u00e4tzte Lesezeit":"4\u00a0Minuten"},"schema":{"@context":"https:\/\/schema.org","@graph":[{"@type":"WebPage","@id":"https:\/\/www.robheijkooptrading.com\/de\/privacy-policy\/","url":"https:\/\/www.robheijkooptrading.com\/de\/privacy-policy\/","name":"Privacy Policy - Rob Heijkoop Trading","isPartOf":{"@id":"https:\/\/www.robheijkooptrading.com\/#website"},"datePublished":"2018-11-05T08:19:23+00:00","dateModified":"2020-04-30T16:29:21+00:00","breadcrumb":{"@id":"https:\/\/www.robheijkooptrading.com\/de\/privacy-policy\/#breadcrumb"},"inLanguage":"de","potentialAction":[{"@type":"ReadAction","target":["https:\/\/www.robheijkooptrading.com\/de\/privacy-policy\/"]}]},{"@type":"BreadcrumbList","@id":"https:\/\/www.robheijkooptrading.com\/de\/privacy-policy\/#breadcrumb","itemListElement":[{"@type":"ListItem","position":1,"name":"Home","item":"https:\/\/www.robheijkooptrading.com\/de\/"},{"@type":"ListItem","position":2,"name":"Privacy Policy"}]},{"@type":"WebSite","@id":"https:\/\/www.robheijkooptrading.com\/#website","url":"https:\/\/www.robheijkooptrading.com\/","name":"Rob Heijkoop Trading","description":"Engine spare parts","publisher":{"@id":"https:\/\/www.robheijkooptrading.com\/#organization"},"potentialAction":[{"@type":"SearchAction","target":{"@type":"EntryPoint","urlTemplate":"https:\/\/www.robheijkooptrading.com\/?s={search_term_string}"},"query-input":{"@type":"PropertyValueSpecification","valueRequired":true,"valueName":"search_term_string"}}],"inLanguage":"de"},{"@type":"Organization","@id":"https:\/\/www.robheijkooptrading.com\/#organization","name":"Rob Heijkoop Trading B.V.","url":"https:\/\/www.robheijkooptrading.com\/","logo":{"@type":"ImageObject","inLanguage":"de","@id":"https:\/\/www.robheijkooptrading.com\/#\/schema\/logo\/image\/","url":"https:\/\/www.robheijkooptrading.com\/wordpress\/wp-content\/uploads\/2014\/06\/watermark.png","contentUrl":"https:\/\/www.robheijkooptrading.com\/wordpress\/wp-content\/uploads\/2014\/06\/watermark.png","width":234,"height":201,"caption":"Rob Heijkoop Trading B.V."},"image":{"@id":"https:\/\/www.robheijkooptrading.com\/#\/schema\/logo\/image\/"}}]}},"_links":{"self":[{"href":"https:\/\/www.robheijkooptrading.com\/de\/wp-json\/wp\/v2\/pages\/8513","targetHints":{"allow":["GET"]}}],"collection":[{"href":"https:\/\/www.robheijkooptrading.com\/de\/wp-json\/wp\/v2\/pages"}],"about":[{"href":"https:\/\/www.robheijkooptrading.com\/de\/wp-json\/wp\/v2\/types\/page"}],"author":[{"embeddable":true,"href":"https:\/\/www.robheijkooptrading.com\/de\/wp-json\/wp\/v2\/users\/2"}],"replies":[{"embeddable":true,"href":"https:\/\/www.robheijkooptrading.com\/de\/wp-json\/wp\/v2\/comments?post=8513"}],"version-history":[{"count":10,"href":"https:\/\/www.robheijkooptrading.com\/de\/wp-json\/wp\/v2\/pages\/8513\/revisions"}],"predecessor-version":[{"id":9027,"href":"https:\/\/www.robheijkooptrading.com\/de\/wp-json\/wp\/v2\/pages\/8513\/revisions\/9027"}],"wp:attachment":[{"href":"https:\/\/www.robheijkooptrading.com\/de\/wp-json\/wp\/v2\/media?parent=8513"}],"curies":[{"name":"wp","href":"https:\/\/api.w.org\/{rel}","templated":true}]}}