{"id":7432,"date":"2014-04-22T19:01:37","date_gmt":"2014-04-22T17:01:37","guid":{"rendered":"http:\/\/robheijkooptrading.com\/disclaimer-2\/"},"modified":"2014-06-19T12:24:46","modified_gmt":"2014-06-19T10:24:46","slug":"disconoscimento","status":"publish","type":"page","link":"https:\/\/www.robheijkooptrading.com\/it\/disconoscimento\/","title":{"rendered":"Disconoscimento"},"content":{"rendered":"<p><strong>Copyright e Restrizione d\u2019Uso <\/strong><br \/>\nSalvo diversa indicazione, I dati e le informazioni rese disponibili da Rob Heijkoop Trading B.V. come testi, illustrazioni e foto sono copyright protetti da Rob Heijkoop Trading B.V. .Senza l\u2019esplicito permesso della societ\u00e0 nulla pu\u00f2 essere cambiato, venduto, annunciato, riprodotto, diffuso, o in altro modo divulgato o duplicato, con qualsiasi metodo.<br \/>\nLe copie possono essere prodotte solo con il permesso scritto della Rob Heijkoop Trading B.V.<br \/>\nPuoi usare questo sito solo come un collegamento con il nostro esplicito consenso. I collegamenti saranno ispezionati e accettati dalla Rob Heijkoop Trading B.V. su attuazione.<\/p>\n<p><strong>Collegamenti a siti web di terse parti <\/strong><br \/>\nIl sito web contiene collegamenti ipertestuali ai siti web sotto il suo dominio. Termini e condizioni che disciplinano tali siti possono variare e sono specificati nelle pagine pertinenti. La Rob Heijkoop Trading B.V. non \u00e8 responsabile per il contenuto di queste pagine n\u00e9 per qualsiasi software offerto come download su questi siti web.<\/p>\n<p><strong>Disconoscimento<\/strong><br \/>\nLa Rob Heijkoop Trading B.V. non accetta responsabilit\u00e0 per il contenuto e le informazioni in termini di esattezza, completezza,disponibilit\u00e0,applicabilit\u00e0 e attualit\u00e0. Contenuto e informazioni potrebbero contenere provvisorie (prezzo) variazioni, stampa e\/o errori di battitura. La Rob Heijkoop Trading B.V. riserva il diritto di introdurre provvisorie (prezzo) variazioni. I visitatori accedono alle informazioni disponibili e ai collegamenti sotto la personale responsabilit\u00e0.<\/p>\n<p><strong>Termini e condizioni.<\/strong><br \/>\nLe condizioni generali della Rob Heijkoop Trading B.V. possono essere scaricate in formato PDF tramite la <a title=\"Downloads\" href=\"http:\/\/robheijkooptrading.com\/it\/downloads\/\">Download Page.<\/a> Si prega di usare Acrobat Reader per accedere a questo file.<\/p>\n","protected":false},"excerpt":{"rendered":"<p>Copyright e Restrizione d\u2019Uso Salvo diversa indicazione, I dati e le informazioni rese disponibili da Rob Heijkoop Trading B.V. come testi, illustrazioni e foto sono copyright protetti da Rob Heijkoop Trading B.V. .Senza l\u2019esplicito permesso della societ\u00e0 nulla pu\u00f2 essere cambiato, venduto, annunciato, riprodotto, diffuso, o in altro modo divulgato o duplicato, con qualsiasi metodo&#8230;.<\/p>\n","protected":false},"author":4,"featured_media":0,"parent":0,"menu_order":0,"comment_status":"closed","ping_status":"open","template":"","meta":{"footnotes":""},"class_list":["post-7432","page","type-page","status-publish","hentry"],"yoast_head":"<!-- This site is optimized with the Yoast SEO plugin v27.3 - https:\/\/yoast.com\/product\/yoast-seo-wordpress\/ -->\n<title>Disconoscimento - Rob Heijkoop Trading<\/title>\n<meta name=\"robots\" content=\"index, follow, max-snippet:-1, max-image-preview:large, max-video-preview:-1\" \/>\n<link rel=\"canonical\" href=\"https:\/\/www.robheijkooptrading.com\/it\/disconoscimento\/\" \/>\n<meta property=\"og:locale\" content=\"it_IT\" \/>\n<meta property=\"og:type\" content=\"article\" \/>\n<meta property=\"og:title\" content=\"Disconoscimento - Rob Heijkoop Trading\" \/>\n<meta property=\"og:description\" content=\"Copyright e Restrizione d\u2019Uso Salvo diversa indicazione, I dati e le informazioni rese disponibili da Rob Heijkoop Trading B.V. come testi, illustrazioni e foto sono copyright protetti da Rob Heijkoop Trading B.V. .Senza l\u2019esplicito permesso della societ\u00e0 nulla pu\u00f2 essere cambiato, venduto, annunciato, riprodotto, diffuso, o in altro modo divulgato o duplicato, con qualsiasi metodo....\" \/>\n<meta property=\"og:url\" content=\"https:\/\/www.robheijkooptrading.com\/it\/disconoscimento\/\" \/>\n<meta property=\"og:site_name\" content=\"Rob Heijkoop Trading\" \/>\n<meta property=\"article:modified_time\" content=\"2014-06-19T10:24:46+00:00\" \/>\n<meta name=\"twitter:label1\" content=\"Tempo di lettura stimato\" \/>\n\t<meta name=\"twitter:data1\" content=\"1 minuto\" \/>\n<script type=\"application\/ld+json\" class=\"yoast-schema-graph\">{\"@context\":\"https:\\\/\\\/schema.org\",\"@graph\":[{\"@type\":\"WebPage\",\"@id\":\"https:\\\/\\\/www.robheijkooptrading.com\\\/it\\\/disconoscimento\\\/\",\"url\":\"https:\\\/\\\/www.robheijkooptrading.com\\\/it\\\/disconoscimento\\\/\",\"name\":\"Disconoscimento - Rob Heijkoop Trading\",\"isPartOf\":{\"@id\":\"https:\\\/\\\/www.robheijkooptrading.com\\\/#website\"},\"datePublished\":\"2014-04-22T17:01:37+00:00\",\"dateModified\":\"2014-06-19T10:24:46+00:00\",\"breadcrumb\":{\"@id\":\"https:\\\/\\\/www.robheijkooptrading.com\\\/it\\\/disconoscimento\\\/#breadcrumb\"},\"inLanguage\":\"it-IT\",\"potentialAction\":[{\"@type\":\"ReadAction\",\"target\":[\"https:\\\/\\\/www.robheijkooptrading.com\\\/it\\\/disconoscimento\\\/\"]}]},{\"@type\":\"BreadcrumbList\",\"@id\":\"https:\\\/\\\/www.robheijkooptrading.com\\\/it\\\/disconoscimento\\\/#breadcrumb\",\"itemListElement\":[{\"@type\":\"ListItem\",\"position\":1,\"name\":\"Home\",\"item\":\"https:\\\/\\\/www.robheijkooptrading.com\\\/it\\\/\"},{\"@type\":\"ListItem\",\"position\":2,\"name\":\"Disconoscimento\"}]},{\"@type\":\"WebSite\",\"@id\":\"https:\\\/\\\/www.robheijkooptrading.com\\\/#website\",\"url\":\"https:\\\/\\\/www.robheijkooptrading.com\\\/\",\"name\":\"Rob Heijkoop Trading\",\"description\":\"Engine spare parts\",\"publisher\":{\"@id\":\"https:\\\/\\\/www.robheijkooptrading.com\\\/#organization\"},\"potentialAction\":[{\"@type\":\"SearchAction\",\"target\":{\"@type\":\"EntryPoint\",\"urlTemplate\":\"https:\\\/\\\/www.robheijkooptrading.com\\\/?s={search_term_string}\"},\"query-input\":{\"@type\":\"PropertyValueSpecification\",\"valueRequired\":true,\"valueName\":\"search_term_string\"}}],\"inLanguage\":\"it-IT\"},{\"@type\":\"Organization\",\"@id\":\"https:\\\/\\\/www.robheijkooptrading.com\\\/#organization\",\"name\":\"Rob Heijkoop Trading B.V.\",\"url\":\"https:\\\/\\\/www.robheijkooptrading.com\\\/\",\"logo\":{\"@type\":\"ImageObject\",\"inLanguage\":\"it-IT\",\"@id\":\"https:\\\/\\\/www.robheijkooptrading.com\\\/#\\\/schema\\\/logo\\\/image\\\/\",\"url\":\"https:\\\/\\\/www.robheijkooptrading.com\\\/wordpress\\\/wp-content\\\/uploads\\\/2014\\\/06\\\/watermark.png\",\"contentUrl\":\"https:\\\/\\\/www.robheijkooptrading.com\\\/wordpress\\\/wp-content\\\/uploads\\\/2014\\\/06\\\/watermark.png\",\"width\":234,\"height\":201,\"caption\":\"Rob Heijkoop Trading B.V.\"},\"image\":{\"@id\":\"https:\\\/\\\/www.robheijkooptrading.com\\\/#\\\/schema\\\/logo\\\/image\\\/\"}}]}<\/script>\n<!-- \/ Yoast SEO plugin. -->","yoast_head_json":{"title":"Disconoscimento - Rob Heijkoop Trading","robots":{"index":"index","follow":"follow","max-snippet":"max-snippet:-1","max-image-preview":"max-image-preview:large","max-video-preview":"max-video-preview:-1"},"canonical":"https:\/\/www.robheijkooptrading.com\/it\/disconoscimento\/","og_locale":"it_IT","og_type":"article","og_title":"Disconoscimento - Rob Heijkoop Trading","og_description":"Copyright e Restrizione d\u2019Uso Salvo diversa indicazione, I dati e le informazioni rese disponibili da Rob Heijkoop Trading B.V. come testi, illustrazioni e foto sono copyright protetti da Rob Heijkoop Trading B.V. .Senza l\u2019esplicito permesso della societ\u00e0 nulla pu\u00f2 essere cambiato, venduto, annunciato, riprodotto, diffuso, o in altro modo divulgato o duplicato, con qualsiasi metodo....","og_url":"https:\/\/www.robheijkooptrading.com\/it\/disconoscimento\/","og_site_name":"Rob Heijkoop Trading","article_modified_time":"2014-06-19T10:24:46+00:00","twitter_misc":{"Tempo di lettura stimato":"1 minuto"},"schema":{"@context":"https:\/\/schema.org","@graph":[{"@type":"WebPage","@id":"https:\/\/www.robheijkooptrading.com\/it\/disconoscimento\/","url":"https:\/\/www.robheijkooptrading.com\/it\/disconoscimento\/","name":"Disconoscimento - Rob Heijkoop Trading","isPartOf":{"@id":"https:\/\/www.robheijkooptrading.com\/#website"},"datePublished":"2014-04-22T17:01:37+00:00","dateModified":"2014-06-19T10:24:46+00:00","breadcrumb":{"@id":"https:\/\/www.robheijkooptrading.com\/it\/disconoscimento\/#breadcrumb"},"inLanguage":"it-IT","potentialAction":[{"@type":"ReadAction","target":["https:\/\/www.robheijkooptrading.com\/it\/disconoscimento\/"]}]},{"@type":"BreadcrumbList","@id":"https:\/\/www.robheijkooptrading.com\/it\/disconoscimento\/#breadcrumb","itemListElement":[{"@type":"ListItem","position":1,"name":"Home","item":"https:\/\/www.robheijkooptrading.com\/it\/"},{"@type":"ListItem","position":2,"name":"Disconoscimento"}]},{"@type":"WebSite","@id":"https:\/\/www.robheijkooptrading.com\/#website","url":"https:\/\/www.robheijkooptrading.com\/","name":"Rob Heijkoop Trading","description":"Engine spare parts","publisher":{"@id":"https:\/\/www.robheijkooptrading.com\/#organization"},"potentialAction":[{"@type":"SearchAction","target":{"@type":"EntryPoint","urlTemplate":"https:\/\/www.robheijkooptrading.com\/?s={search_term_string}"},"query-input":{"@type":"PropertyValueSpecification","valueRequired":true,"valueName":"search_term_string"}}],"inLanguage":"it-IT"},{"@type":"Organization","@id":"https:\/\/www.robheijkooptrading.com\/#organization","name":"Rob Heijkoop Trading B.V.","url":"https:\/\/www.robheijkooptrading.com\/","logo":{"@type":"ImageObject","inLanguage":"it-IT","@id":"https:\/\/www.robheijkooptrading.com\/#\/schema\/logo\/image\/","url":"https:\/\/www.robheijkooptrading.com\/wordpress\/wp-content\/uploads\/2014\/06\/watermark.png","contentUrl":"https:\/\/www.robheijkooptrading.com\/wordpress\/wp-content\/uploads\/2014\/06\/watermark.png","width":234,"height":201,"caption":"Rob Heijkoop Trading B.V."},"image":{"@id":"https:\/\/www.robheijkooptrading.com\/#\/schema\/logo\/image\/"}}]}},"_links":{"self":[{"href":"https:\/\/www.robheijkooptrading.com\/it\/wp-json\/wp\/v2\/pages\/7432","targetHints":{"allow":["GET"]}}],"collection":[{"href":"https:\/\/www.robheijkooptrading.com\/it\/wp-json\/wp\/v2\/pages"}],"about":[{"href":"https:\/\/www.robheijkooptrading.com\/it\/wp-json\/wp\/v2\/types\/page"}],"author":[{"embeddable":true,"href":"https:\/\/www.robheijkooptrading.com\/it\/wp-json\/wp\/v2\/users\/4"}],"replies":[{"embeddable":true,"href":"https:\/\/www.robheijkooptrading.com\/it\/wp-json\/wp\/v2\/comments?post=7432"}],"version-history":[{"count":1,"href":"https:\/\/www.robheijkooptrading.com\/it\/wp-json\/wp\/v2\/pages\/7432\/revisions"}],"predecessor-version":[{"id":7433,"href":"https:\/\/www.robheijkooptrading.com\/it\/wp-json\/wp\/v2\/pages\/7432\/revisions\/7433"}],"wp:attachment":[{"href":"https:\/\/www.robheijkooptrading.com\/it\/wp-json\/wp\/v2\/media?parent=7432"}],"curies":[{"name":"wp","href":"https:\/\/api.w.org\/{rel}","templated":true}]}}